{"id":57,"date":"2022-07-13T10:02:33","date_gmt":"2022-07-13T10:02:33","guid":{"rendered":"https:\/\/nextlevelrunningcoach.com\/casaavosfelixlopes\/history\/"},"modified":"2025-01-06T15:45:53","modified_gmt":"2025-01-06T15:45:53","slug":"history","status":"publish","type":"page","link":"https:\/\/casaavosfelixlopes.com\/pt\/history\/","title":{"rendered":"Historia"},"content":{"rendered":"<section class=\"u-align-center u-clearfix u-container-align-center u-custom-color-8 u-section-2\" id=\"carousel_2771\">\n      <div class=\"u-clearfix u-sheet u-sheet-1\">\n        <h3 class=\"u-align-center u-text u-text-body-alt-color u-text-default-xs u-text-1\">Casa Av\u00f3s Felix Lopes<\/h3>\n        <div class=\"u-clearfix u-expanded-width u-layout-wrap u-layout-wrap-1\">\n          <div class=\"u-gutter-0 u-layout\">\n            <div class=\"u-layout-row\">\n              <div class=\"u-container-style u-layout-cell u-shape-rectangle u-size-60 u-layout-cell-1\">\n                <div class=\"u-container-layout u-valign-top-xs u-container-layout-1\">\n                  <p class=\"u-custom-font u-font-raleway u-text u-text-2\"><b><u>A NOSSA HIST\u00d3RIA: <\/u><\/b>\n                    <br>\n                    <br>A casa original foi constru\u00edda pelo meu bisav\u00f4 paterno Jos\u00e9 Felix e depois herdada pela sua filha (minha av\u00f3) Leonor Felix que casou com o meu av\u00f4 Jos\u00e9 Afonso Lopes.<br>\n                    <br>Os meus av\u00f3s (Afonso e Leonor) tiveram 4 filhos 2 rapazes (um deles meu pai) e 2 raparigas todos nasceram e cresceram na casa original.<br>\n                    <br>O meu av\u00f4 era o barbeiro da aldeia (existem muitas hist\u00f3rias ic\u00f3nicas engra\u00e7adas na aldeia sobre ele, porque era uma personagem e tanto) e a sua barbearia ficava na casa da sua m\u00e3e (minha bisav\u00f3 Carolina Lopes tamb\u00e9m uma figura lend\u00e1ria na hist\u00f3ria da aldeia). Infelizmente, aquela casa onde ficava a barbearia n\u00e3o existe mais.<br>\n                    <br>Depois dos meus av\u00f3s falecerem, no final dos anos 80. A casa original foi abandonada porque os filhos e filhas (meu pai, tio e tias) emigraram para os EUA e Canad\u00e1 e n\u00e3o havia ningu\u00e9m para cuidar da propriedade.<br>\n                    <br>Nasci e morei na casa (agora uma ru\u00edna) na propriedade dos fundos e tenho muitas lembran\u00e7as de inf\u00e2ncia de morar atr\u00e1s da casa dos meus av\u00f3s. Morei l\u00e1 at\u00e9 aos 10 anos, quando a minha fam\u00edlia emigrou para os EUA em 1972.<br>\n                    <br>Durante uma das minhas visitas anuais em 2017, durante um jantar com meus primos num bom restaurante local, o meu primo perguntou \u201cpor que \u00e9 que n\u00e3o compras a casa velha ( em ru\u00ednas)  dos teus av\u00f3s para que ela fique na fam\u00edlia?\u201d A minha esposa, Dulce, j\u00e1 me dizia a mesma coisa h\u00e1 algum tempo e eu disse \u201c\u00e9 isso, devemos fazer isso!\u201d E assim foi!\" Adquirimos a casa da fam\u00edlia em 2018.<br>\n                    <br>Ao longo do processo de reconstru\u00e7\u00e3o, tent\u00e1mos manter parte do layout original da casa, adicionando muitas novas expans\u00f5es, recursos e, claro, alguns confortos modernos de \u00faltima gera\u00e7\u00e3o.<br>\n                    <br>As ru\u00ednas originais da casa estavam muito longe para serem restauradas, ent\u00e3o uma desconstru\u00e7\u00e3o e reconstru\u00e7\u00e3o total foi necess\u00e1ria. Quer\u00edamos salvar o forno de tijolos original da minha av\u00f3, mas infelizmente estava muito longe e eu espalhei os tijolos por todo o p\u00e1tio que agora \u00e9 pavimentado com cal\u00e7ada portuguesa. No entanto, conseguimos salvar a amada cam\u00e9lia japonesa da minha av\u00f3 (uma das mais antigas da regi\u00e3o) na frente da casa. Iniciamos este processo a 13 de janeiro de 2020.<br>\n                    <br>Pouco tempo depois, em 2020, o COVID19 atingiu o mundo e com ele vieram bloqueios, escassez de materiais e aumento de pre\u00e7os (ai!). No entanto, trouxe tamb\u00e9m a oportunidade de eu e a Dulce trabalharmos remotamente a partir de Portugal e assim o fizemos. Isto foi uma b\u00ean\u00e7\u00e3o disfar\u00e7ada, pois permitiu-nos fazer algumas modifica\u00e7\u00f5es de design adicionais, que resultaram no produto final que se pode ver hoje.<br>\n                    <br>Os nossos objetivos quando decidimos comprar esta propriedade era mant\u00ea-la na fam\u00edlia, para preservar o legado da fam\u00edlia na vila. Quer\u00edamos homenagear os meus av\u00f3s e proporcionar um lugar maravilhoso que pudesse ser apreciado tanto pela nossa fam\u00edlia como pelos nossos convidados nas pr\u00f3ximas gera\u00e7\u00f5es.<br>\n                    <br>Esta \u00e9 a nossa hist\u00f3ria! Bem-vindo \u00e0 Casa dos Av\u00f3s Felix Lopes. Por favor, aproveite a sua estadia na nossa maravilhosa casa na bonita vila da Foz do Arelho, Portugal, o meu lugar feliz e espero que se torne o seu tamb\u00e9m!<br>\n                    <br>\n                    <br>\n                    <span style=\"font-weight: 700;\">Os vossos anfitri\u00f5es\nJorge &amp; Dulce Lopes<\/span>\n                  <\/p>\n                <\/div>\n              <\/div>\n            <\/div>\n          <\/div>\n        <\/div>\n      <\/div>\n    <\/section>","protected":false},"excerpt":{"rendered":"<p>Casa Av\u00f3s Felix Lopes OUR STORY: The original house was built by my paternal Great Grandfather Jose Felix and then inherited by his daughter (my Grandmother) Leonor Felix who married my Grandfather Jose Afonso Lopes. My Grandparents (Afonso &amp; Leonor) had 4 children 2 boys (one of them my father) and 2 girls all of &hellip; <a href=\"https:\/\/casaavosfelixlopes.com\/pt\/history\/\" class=\"more-link\">Continue reading<span class=\"screen-reader-text\"> &#8220;History&#8221;<\/span><\/a><\/p>","protected":false},"author":2,"featured_media":0,"parent":0,"menu_order":1,"comment_status":"closed","ping_status":"closed","template":"","meta":{"footnotes":""},"class_list":["post-57","page","type-page","status-publish","hentry"],"jetpack_sharing_enabled":true,"_links":{"self":[{"href":"https:\/\/casaavosfelixlopes.com\/pt\/wp-json\/wp\/v2\/pages\/57","targetHints":{"allow":["GET"]}}],"collection":[{"href":"https:\/\/casaavosfelixlopes.com\/pt\/wp-json\/wp\/v2\/pages"}],"about":[{"href":"https:\/\/casaavosfelixlopes.com\/pt\/wp-json\/wp\/v2\/types\/page"}],"author":[{"embeddable":true,"href":"https:\/\/casaavosfelixlopes.com\/pt\/wp-json\/wp\/v2\/users\/2"}],"replies":[{"embeddable":true,"href":"https:\/\/casaavosfelixlopes.com\/pt\/wp-json\/wp\/v2\/comments?post=57"}],"version-history":[{"count":1,"href":"https:\/\/casaavosfelixlopes.com\/pt\/wp-json\/wp\/v2\/pages\/57\/revisions"}],"predecessor-version":[{"id":68,"href":"https:\/\/casaavosfelixlopes.com\/pt\/wp-json\/wp\/v2\/pages\/57\/revisions\/68"}],"wp:attachment":[{"href":"https:\/\/casaavosfelixlopes.com\/pt\/wp-json\/wp\/v2\/media?parent=57"}],"curies":[{"name":"wp","href":"https:\/\/api.w.org\/{rel}","templated":true}]}}