{"id":61,"date":"2022-07-13T10:02:37","date_gmt":"2022-07-13T10:02:37","guid":{"rendered":"https:\/\/nextlevelrunningcoach.com\/casaavosfelixlopes\/home\/"},"modified":"2025-03-14T22:35:19","modified_gmt":"2025-03-14T22:35:19","slug":"home","status":"publish","type":"page","link":"https:\/\/casaavosfelixlopes.com\/pt\/","title":{"rendered":"Inicio"},"content":{"rendered":"<section class=\"u-align-center u-clearfix u-container-align-center u-hidden-md u-hidden-sm u-hidden-xs u-video u-video-cover u-section-2\" id=\"carousel_ffbb\">\n      <div class=\"u-background-video u-expanded\" style=\"\">\n        <div class=\"embed-responsive embed-responsive-1\">\n          <iframe style=\"position: absolute;top: 0;left: 0;width: 100%;height: 100%;\" class=\"embed-responsive-item\" src=\"https:\/\/www.youtube.com\/embed\/o-YW1acwOBs?playlist=o-YW1acwOBs&amp;loop=1&amp;mute=1&amp;showinfo=0&amp;controls=0&amp;start=0&amp;autoplay=1\" data-autoplay=\"1\" frameborder=\"0\" allowfullscreen=\"\"><\/iframe>\n        <\/div>\n        <div class=\"u-video-shading\"><\/div>\n      <\/div>\n      <lt-highlighter style=\"display: none; z-index: 1 !important;\">\n        <lt-div spellcheck=\"false\" class=\"lt-highlighter__wrapper\" style=\"width: 1384px; height: 71px; transform: none !important; transform-origin: 692px 35.5781px !important; zoom: 1 !important; margin-top: 100px;\">\n          <lt-div class=\"lt-highlighter__scroll-element\" style=\"top: 0px; left: 0px; width: 1384px; height: 74px;\"><\/lt-div>\n        <\/lt-div>\n      <\/lt-highlighter>\n      <h1 class=\"u-align-center u-text u-text-body-alt-color u-text-default-xs u-text-1\">\n        <span class=\"u-icon u-text-palette-1-base\"><svg class=\"u-svg-content\" viewbox=\"0 0 60 60\" x=\"0px\" y=\"0px\"><g><path d=\"M14,36.182h14v-10H14V36.182z M16,34.182v-3h10v3H16z M26,28.182v1H16v-1H26z\"><\/path><path d=\"M14,40.182v12h14v-12H14z M20,42.182v3h-4v-3H20z M16,47.182h4v3h-4V47.182z M22,50.182v-3h4v3H22z M26,45.182h-4v-3h4\t\tV45.182z\"><\/path><path d=\"M32,36.182h14v-10H32V36.182z M34,34.182v-1h10v1H34z M44,28.182v3H34v-3H44z\"><\/path><path d=\"M59,48.182c-0.553,0-1,0.448-1,1v1h-1v-1c0-0.552-0.447-1-1-1s-1,0.448-1,1v1h-1V29.978\t\tc0.521,0.234,1.073,0.363,1.626,0.363c1.073,0,2.139-0.436,2.927-1.284c0.76-0.818,1.145-1.925,1.057-3.038\t\tc-0.089-1.112-0.644-2.145-1.522-2.833L32.722,3.345L30,0.818L27.343,3.29L1.913,23.186c-0.879,0.688-1.434,1.721-1.522,2.833\t\tc-0.088,1.113,0.297,2.22,1.057,3.038c1.194,1.286,3.021,1.61,4.553,0.922v20.204H5v-1c0-0.552-0.447-1-1-1s-1,0.448-1,1v1H2v-1\t\tc0-0.552-0.447-1-1-1s-1,0.448-1,1v9c0,0.552,0.447,1,1,1s1-0.448,1-1v-1h1v1c0,0.552,0.447,1,1,1s1-0.448,1-1v-1h1v2h26h14h8v-2h1\t\tv1c0,0.552,0.447,1,1,1s1-0.448,1-1v-1h1v1c0,0.552,0.447,1,1,1s1-0.448,1-1v-9C60,48.63,59.553,48.182,59,48.182z M2.912,27.695\t\tc-0.385-0.415-0.572-0.954-0.527-1.518c0.045-0.564,0.314-1.067,0.761-1.416L28.64,4.811l1.361-1.265l1.424,1.319l25.43,19.896\t\tc0.446,0.349,0.716,0.852,0.761,1.416c0.045,0.564-0.143,1.104-0.527,1.518c-0.708,0.762-1.861,0.858-2.686,0.223L54,27.608v0\t\tl-24-18.5l-23.61,18.2l-0.001,0.001l-0.791,0.609C4.772,28.553,3.62,28.457,2.912,27.695z M2,55.182v-3h1v3H2z M5,55.182v-3h1v3H5z\t\t M34,57.182v-15h10v15H34z M52,57.182h-6v-17H32v17H8V28.591l22-16.959l22,16.959V57.182z M54,55.182v-3h1v3H54z M57,55.182v-3h1v3\t\tH57z\"><\/path>\n<\/g><\/svg><\/span> &nbsp;Casa Av\u00f3s F\u00e9lix Lopes\n      <\/h1>\n      <h1 class=\"u-align-center-xs u-text u-text-body-alt-color u-title u-text-2\" data-animation-name=\"customAnimationIn\" data-animation-duration=\"7000\" data-animation-delay=\"6000\">Uma Casa com hist\u00f3ria<\/h1>\n      <p class=\"u-align-center-xs u-large-text u-text u-text-body-alt-color u-text-default-xs u-text-variant u-text-3\" data-animation-name=\"customAnimationIn\" data-animation-duration=\"5000\" data-animation-delay=\"6500\">Constru\u00edda com amor e desenhada para as suas f\u00e9rias<\/p>\n      <a href=\"https:\/\/casaavosfelixlopes.com\/pt\/history\/\" class=\"u-active-palette-1-base u-align-center-xs u-btn u-btn-round u-button-style u-hover-palette-1-base u-radius-50 u-text-hover-white u-text-palette-1-base u-white u-btn-1\" data-animation-name=\"customAnimationIn\" data-animation-duration=\"5000\" data-animation-delay=\"7000\">Ler Mais<\/a>\n    <\/section>\n    <section class=\"u-clearfix u-hidden-lg u-hidden-xl u-image u-section-3\" id=\"sec-1b65\" data-image-width=\"1566\" data-image-height=\"1044\" style=\"background-image: url(&quot;https:\/\/casaavosfelixlopes.com\/wp-content\/uploads\/2023\/01\/0043.jpg&quot;);\">\n      <div class=\"u-clearfix u-sheet u-sheet-1\">\n        <lt-highlighter style=\"display: none; z-index: 1 !important;\">\n          <lt-div spellcheck=\"false\" class=\"lt-highlighter__wrapper\" style=\"width: 275px; height: 28px; transform: none !important; transform-origin: 137.711px 13.9766px !important; zoom: 1 !important; margin-top: -52px; margin-left: 62px;\">\n            <lt-div class=\"lt-highlighter__scroll-element\" style=\"top: 0px; left: 0px; width: 275px; height: 29px;\"><\/lt-div>\n          <\/lt-div>\n        <\/lt-highlighter>\n        <h1 class=\"u-align-center u-custom-font u-font-raleway u-text u-text-default-xs u-text-1\">\n          <span class=\"u-icon u-text-palette-1-base\"><svg class=\"u-svg-content\" viewbox=\"0 0 60 60\" x=\"0px\" y=\"0px\"><g><path d=\"M14,36.182h14v-10H14V36.182z M16,34.182v-3h10v3H16z M26,28.182v1H16v-1H26z\"><\/path><path d=\"M14,40.182v12h14v-12H14z M20,42.182v3h-4v-3H20z M16,47.182h4v3h-4V47.182z M22,50.182v-3h4v3H22z M26,45.182h-4v-3h4\t\tV45.182z\"><\/path><path d=\"M32,36.182h14v-10H32V36.182z M34,34.182v-1h10v1H34z M44,28.182v3H34v-3H44z\"><\/path><path d=\"M59,48.182c-0.553,0-1,0.448-1,1v1h-1v-1c0-0.552-0.447-1-1-1s-1,0.448-1,1v1h-1V29.978\t\tc0.521,0.234,1.073,0.363,1.626,0.363c1.073,0,2.139-0.436,2.927-1.284c0.76-0.818,1.145-1.925,1.057-3.038\t\tc-0.089-1.112-0.644-2.145-1.522-2.833L32.722,3.345L30,0.818L27.343,3.29L1.913,23.186c-0.879,0.688-1.434,1.721-1.522,2.833\t\tc-0.088,1.113,0.297,2.22,1.057,3.038c1.194,1.286,3.021,1.61,4.553,0.922v20.204H5v-1c0-0.552-0.447-1-1-1s-1,0.448-1,1v1H2v-1\t\tc0-0.552-0.447-1-1-1s-1,0.448-1,1v9c0,0.552,0.447,1,1,1s1-0.448,1-1v-1h1v1c0,0.552,0.447,1,1,1s1-0.448,1-1v-1h1v2h26h14h8v-2h1\t\tv1c0,0.552,0.447,1,1,1s1-0.448,1-1v-1h1v1c0,0.552,0.447,1,1,1s1-0.448,1-1v-9C60,48.63,59.553,48.182,59,48.182z M2.912,27.695\t\tc-0.385-0.415-0.572-0.954-0.527-1.518c0.045-0.564,0.314-1.067,0.761-1.416L28.64,4.811l1.361-1.265l1.424,1.319l25.43,19.896\t\tc0.446,0.349,0.716,0.852,0.761,1.416c0.045,0.564-0.143,1.104-0.527,1.518c-0.708,0.762-1.861,0.858-2.686,0.223L54,27.608v0\t\tl-24-18.5l-23.61,18.2l-0.001,0.001l-0.791,0.609C4.772,28.553,3.62,28.457,2.912,27.695z M2,55.182v-3h1v3H2z M5,55.182v-3h1v3H5z\t\t M34,57.182v-15h10v15H34z M52,57.182h-6v-17H32v17H8V28.591l22-16.959l22,16.959V57.182z M54,55.182v-3h1v3H54z M57,55.182v-3h1v3\t\tH57z\"><\/path>\n<\/g><\/svg><\/span> &nbsp;Casa Av\u00f3s Felix\u200b Lo\u200bpes\n        <\/h1>\n        <h1 class=\"u-align-center u-text u-text-body-alt-color u-title u-text-2\" data-animation-name=\"customAnimationIn\" data-animation-duration=\"7000\" data-animation-delay=\"750\">Uma Casa com hist\u00f3ria<\/h1>\n        <p class=\"u-align-center u-large-text u-text u-text-body-alt-color u-text-default-xs u-text-variant u-text-3\" data-animation-name=\"customAnimationIn\" data-animation-duration=\"5000\" data-animation-delay=\"1000\">Constru\u00edda com amor e desenhada para as suas f\u00e9rias<\/p>\n        <a href=\"https:\/\/casaavosfelixlopes.com\/pt\/history\/\" class=\"u-active-palette-1-base u-align-center u-btn u-btn-round u-button-style u-hover-palette-1-base u-radius-50 u-text-hover-white u-text-palette-1-base u-white u-btn-1\" data-animation-name=\"customAnimationIn\" data-animation-duration=\"5000\" data-animation-delay=\"1500\">Ler Mais<\/a>\n      <\/div>\n    <\/section>","protected":false},"excerpt":{"rendered":"<p>&nbsp;Casa Av\u00f3s F\u00e9lix Lopes A house with history Built with love and designed for your holidays! Read More &nbsp;Casa Av\u00f3s Felix\u200b Lo\u200bpes A house with history Built with love and designed for your holidays! Read More<\/p>","protected":false},"author":2,"featured_media":0,"parent":0,"menu_order":5,"comment_status":"closed","ping_status":"closed","template":"","meta":{"footnotes":""},"class_list":["post-61","page","type-page","status-publish","hentry"],"jetpack_sharing_enabled":true,"_links":{"self":[{"href":"https:\/\/casaavosfelixlopes.com\/pt\/wp-json\/wp\/v2\/pages\/61","targetHints":{"allow":["GET"]}}],"collection":[{"href":"https:\/\/casaavosfelixlopes.com\/pt\/wp-json\/wp\/v2\/pages"}],"about":[{"href":"https:\/\/casaavosfelixlopes.com\/pt\/wp-json\/wp\/v2\/types\/page"}],"author":[{"embeddable":true,"href":"https:\/\/casaavosfelixlopes.com\/pt\/wp-json\/wp\/v2\/users\/2"}],"replies":[{"embeddable":true,"href":"https:\/\/casaavosfelixlopes.com\/pt\/wp-json\/wp\/v2\/comments?post=61"}],"version-history":[{"count":20,"href":"https:\/\/casaavosfelixlopes.com\/pt\/wp-json\/wp\/v2\/pages\/61\/revisions"}],"predecessor-version":[{"id":582,"href":"https:\/\/casaavosfelixlopes.com\/pt\/wp-json\/wp\/v2\/pages\/61\/revisions\/582"}],"wp:attachment":[{"href":"https:\/\/casaavosfelixlopes.com\/pt\/wp-json\/wp\/v2\/media?parent=61"}],"curies":[{"name":"wp","href":"https:\/\/api.w.org\/{rel}","templated":true}]}}